{"id":31,"date":"2025-08-15T15:57:36","date_gmt":"2025-08-15T15:57:36","guid":{"rendered":"https:\/\/naturalezasociedadarte.artes.udelar.edu.uy\/?page_id=31"},"modified":"2025-10-08T19:28:31","modified_gmt":"2025-10-08T19:28:31","slug":"efis","status":"publish","type":"page","link":"https:\/\/naturalezasociedadarte.artes.udelar.edu.uy\/?page_id=31","title":{"rendered":"EFIs"},"content":{"rendered":"\t\t<div data-elementor-type=\"wp-page\" data-elementor-id=\"31\" class=\"elementor elementor-31\">\n\t\t\t\t<div class=\"elementor-element elementor-element-05b7878 e-flex e-con-boxed e-con e-parent\" data-id=\"05b7878\" data-element_type=\"container\">\n\t\t\t\t\t<div class=\"e-con-inner\">\n\t\t\t\t<div class=\"elementor-element elementor-element-8e43bb1 elementor-widget elementor-widget-heading\" data-id=\"8e43bb1\" data-element_type=\"widget\" data-widget_type=\"heading.default\">\n\t\t\t\t<div class=\"elementor-widget-container\">\n\t\t\t\t\t<h2 class=\"elementor-heading-title elementor-size-default\">Espacios de Formaci\u00f3n Integral (EFI)<\/h2>\t\t\t\t<\/div>\n\t\t\t\t<\/div>\n\t\t\t\t\t<\/div>\n\t\t\t\t<\/div>\n\t\t<div class=\"elementor-element elementor-element-5648393 e-flex e-con-boxed e-con e-parent\" data-id=\"5648393\" data-element_type=\"container\">\n\t\t\t\t\t<div class=\"e-con-inner\">\n\t\t\t\t<div class=\"elementor-element elementor-element-3659556 elementor-widget elementor-widget-text-editor\" data-id=\"3659556\" data-element_type=\"widget\" data-widget_type=\"text-editor.default\">\n\t\t\t\t<div class=\"elementor-widget-container\">\n\t\t\t\t\t\t\t\t\t<p>Los Espacios de Formaci\u00f3n Integral (EFI) son espacios de trabajo donde la extensi\u00f3n se combina con la ense\u00f1anza y la investigaci\u00f3n, en donde interactu\u00e1n universitarios y no universitarios. Son parte de la formaci\u00f3n acad\u00e9mica, que se da a trav\u00e9s de un proceso de contacto con otras realidades mediante la aplicaci\u00f3n de los conocimientos adquiridos en el aula as\u00ed como generando nuevos.<\/p><p>Esta plataforma integral gener\u00f3 dos espacios de formaci\u00f3n integral:<\/p><ul><li><a href=\"https:\/\/naturalezasociedadarte.artes.udelar.edu.uy\/?page_id=85\" target=\"_blank\" rel=\"noopener\">EFI Dibujo de Animales (2020)<\/a><\/li><li><a href=\"https:\/\/naturalezasociedadarte.artes.udelar.edu.uy\/?page_id=88\" target=\"_blank\" rel=\"noopener\">EFI Bestiario (2022)<\/a><\/li><\/ul>\t\t\t\t\t\t\t\t<\/div>\n\t\t\t\t<\/div>\n\t\t\t\t\t<\/div>\n\t\t\t\t<\/div>\n\t\t\t\t<\/div>\n\t\t","protected":false},"excerpt":{"rendered":"<p>Espacios de Formaci\u00f3n Integral (EFI) Los Espacios de Formaci\u00f3n Integral (EFI) son espacios de trabajo donde la extensi\u00f3n se combina [&hellip;]<\/p>\n","protected":false},"author":2,"featured_media":0,"parent":0,"menu_order":0,"comment_status":"closed","ping_status":"closed","template":"","meta":{"site-sidebar-layout":"no-sidebar","site-content-layout":"","ast-site-content-layout":"full-width-container","site-content-style":"default","site-sidebar-style":"default","ast-global-header-display":"","ast-banner-title-visibility":"","ast-main-header-display":"","ast-hfb-above-header-display":"","ast-hfb-below-header-display":"","ast-hfb-mobile-header-display":"","site-post-title":"disabled","ast-breadcrumbs-content":"","ast-featured-img":"disabled","footer-sml-layout":"","theme-transparent-header-meta":"","adv-header-id-meta":"","stick-header-meta":"","header-above-stick-meta":"","header-main-stick-meta":"","header-below-stick-meta":"","astra-migrate-meta-layouts":"default","ast-page-background-enabled":"default","ast-page-background-meta":{"desktop":{"background-color":"var(--ast-global-color-5)","background-image":"","background-repeat":"repeat","background-position":"center center","background-size":"auto","background-attachment":"scroll","background-type":"","background-media":"","overlay-type":"","overlay-color":"","overlay-opacity":"","overlay-gradient":""},"tablet":{"background-color":"","background-image":"","background-repeat":"repeat","background-position":"center center","background-size":"auto","background-attachment":"scroll","background-type":"","background-media":"","overlay-type":"","overlay-color":"","overlay-opacity":"","overlay-gradient":""},"mobile":{"background-color":"","background-image":"","background-repeat":"repeat","background-position":"center center","background-size":"auto","background-attachment":"scroll","background-type":"","background-media":"","overlay-type":"","overlay-color":"","overlay-opacity":"","overlay-gradient":""}},"ast-content-background-meta":{"desktop":{"background-color":"var(--ast-global-color-4)","background-image":"","background-repeat":"repeat","background-position":"center center","background-size":"auto","background-attachment":"scroll","background-type":"","background-media":"","overlay-type":"","overlay-color":"","overlay-opacity":"","overlay-gradient":""},"tablet":{"background-color":"var(--ast-global-color-4)","background-image":"","background-repeat":"repeat","background-position":"center center","background-size":"auto","background-attachment":"scroll","background-type":"","background-media":"","overlay-type":"","overlay-color":"","overlay-opacity":"","overlay-gradient":""},"mobile":{"background-color":"var(--ast-global-color-4)","background-image":"","background-repeat":"repeat","background-position":"center center","background-size":"auto","background-attachment":"scroll","background-type":"","background-media":"","overlay-type":"","overlay-color":"","overlay-opacity":"","overlay-gradient":""}},"footnotes":""},"class_list":["post-31","page","type-page","status-publish","hentry"],"_links":{"self":[{"href":"https:\/\/naturalezasociedadarte.artes.udelar.edu.uy\/index.php?rest_route=\/wp\/v2\/pages\/31","targetHints":{"allow":["GET"]}}],"collection":[{"href":"https:\/\/naturalezasociedadarte.artes.udelar.edu.uy\/index.php?rest_route=\/wp\/v2\/pages"}],"about":[{"href":"https:\/\/naturalezasociedadarte.artes.udelar.edu.uy\/index.php?rest_route=\/wp\/v2\/types\/page"}],"author":[{"embeddable":true,"href":"https:\/\/naturalezasociedadarte.artes.udelar.edu.uy\/index.php?rest_route=\/wp\/v2\/users\/2"}],"replies":[{"embeddable":true,"href":"https:\/\/naturalezasociedadarte.artes.udelar.edu.uy\/index.php?rest_route=%2Fwp%2Fv2%2Fcomments&post=31"}],"version-history":[{"count":4,"href":"https:\/\/naturalezasociedadarte.artes.udelar.edu.uy\/index.php?rest_route=\/wp\/v2\/pages\/31\/revisions"}],"predecessor-version":[{"id":113,"href":"https:\/\/naturalezasociedadarte.artes.udelar.edu.uy\/index.php?rest_route=\/wp\/v2\/pages\/31\/revisions\/113"}],"wp:attachment":[{"href":"https:\/\/naturalezasociedadarte.artes.udelar.edu.uy\/index.php?rest_route=%2Fwp%2Fv2%2Fmedia&parent=31"}],"curies":[{"name":"wp","href":"https:\/\/api.w.org\/{rel}","templated":true}]}}